{"id":470,"date":"2024-03-14T17:08:07","date_gmt":"2024-03-14T17:08:07","guid":{"rendered":"https:\/\/acasadosbrokers.pt\/contact-portugais-du-portugal\/"},"modified":"2025-08-13T15:53:41","modified_gmt":"2025-08-13T14:53:41","slug":"contacto","status":"publish","type":"page","link":"https:\/\/acasadosbrokers.pt\/pt-pt\/contacto\/","title":{"rendered":"Contacto"},"content":{"rendered":"<div id=\"cs-content\" class=\"cs-content\"><\/div>\n","protected":false},"excerpt":{"rendered":"<p>Tem um projeto? Estamos aqui para o ouvirSomos especialistas em intermedia\u00e7\u00e3o banc\u00e1ria em Portugal e estamos aqui para ajud\u00e1-lo a obter um empr\u00e9stimo vantajoso, sem custos. Partilhe connosco o seu projeto e a nossa equipa responder\u00e1 dentro de 24 horas.Please enable JavaScript in your browser to complete this form.Please enable JavaScript in your browser to complete this form.O seu primeiro &#8230; <\/p>\n<div><a href=\"https:\/\/acasadosbrokers.pt\/pt-pt\/contacto\/\" class=\"more-link\">Read More<\/a><\/div>\n","protected":false},"author":3,"featured_media":714,"parent":0,"menu_order":0,"comment_status":"closed","ping_status":"closed","template":"template-blank-4.php","meta":{"content-type":"","inline_featured_image":false,"footnotes":""},"class_list":["post-470","page","type-page","status-publish","has-post-thumbnail","hentry"],"yoast_head":"<!-- This site is optimized with the Yoast SEO plugin v27.4 - https:\/\/yoast.com\/product\/yoast-seo-wordpress\/ -->\n<title>Contacte-nos - Responsa dentro de 24 horas | A Casa dos Brokers<\/title>\n<meta name=\"description\" content=\"Especialistas em intermedia\u00e7\u00e3o banc\u00e1ria em Portugal, estamos aqui para ajud\u00e1-lo a obter um empr\u00e9stimo vantajoso, sem custos.\" \/>\n<meta name=\"robots\" content=\"index, follow, max-snippet:-1, max-image-preview:large, max-video-preview:-1\" \/>\n<link rel=\"canonical\" href=\"https:\/\/acasadosbrokers.pt\/pt-pt\/contacto\/\" \/>\n<meta property=\"og:locale\" content=\"pt_PT\" \/>\n<meta property=\"og:type\" content=\"article\" \/>\n<meta property=\"og:title\" content=\"Contacte-nos - Responsa dentro de 24 horas | A Casa dos Brokers\" \/>\n<meta property=\"og:description\" content=\"Especialistas em intermedia\u00e7\u00e3o banc\u00e1ria em Portugal, estamos aqui para ajud\u00e1-lo a obter um empr\u00e9stimo vantajoso, sem custos.\" \/>\n<meta property=\"og:url\" content=\"https:\/\/acasadosbrokers.pt\/pt-pt\/contacto\/\" \/>\n<meta property=\"og:site_name\" content=\"A Casa dos Brokers\" \/>\n<meta property=\"article:modified_time\" content=\"2025-08-13T14:53:41+00:00\" \/>\n<meta property=\"og:image\" content=\"https:\/\/acasadosbrokers.pt\/wp-content\/uploads\/2024\/06\/acdb-sofia-trebel-marjorie-pichotx2.webp\" \/>\n\t<meta property=\"og:image:width\" content=\"960\" \/>\n\t<meta property=\"og:image:height\" content=\"900\" \/>\n\t<meta property=\"og:image:type\" content=\"image\/webp\" \/>\n<meta name=\"twitter:card\" content=\"summary_large_image\" \/>\n<meta name=\"twitter:label1\" content=\"Tempo estimado de leitura\" \/>\n\t<meta name=\"twitter:data1\" content=\"2 minutos\" \/>\n<script type=\"application\/ld+json\" class=\"yoast-schema-graph\">{\"@context\":\"https:\\\/\\\/schema.org\",\"@graph\":[{\"@type\":\"WebPage\",\"@id\":\"https:\\\/\\\/acasadosbrokers.pt\\\/pt-pt\\\/contacto\\\/\",\"url\":\"https:\\\/\\\/acasadosbrokers.pt\\\/pt-pt\\\/contacto\\\/\",\"name\":\"Contacte-nos - Responsa dentro de 24 horas | A Casa dos Brokers\",\"isPartOf\":{\"@id\":\"https:\\\/\\\/acasadosbrokers.pt\\\/pt-pt\\\/#website\"},\"primaryImageOfPage\":{\"@id\":\"https:\\\/\\\/acasadosbrokers.pt\\\/pt-pt\\\/contacto\\\/#primaryimage\"},\"image\":{\"@id\":\"https:\\\/\\\/acasadosbrokers.pt\\\/pt-pt\\\/contacto\\\/#primaryimage\"},\"thumbnailUrl\":\"https:\\\/\\\/acasadosbrokers.pt\\\/wp-content\\\/uploads\\\/2024\\\/06\\\/acdb-sofia-trebel-marjorie-pichotx2.webp\",\"datePublished\":\"2024-03-14T17:08:07+00:00\",\"dateModified\":\"2025-08-13T14:53:41+00:00\",\"description\":\"Especialistas em intermedia\u00e7\u00e3o banc\u00e1ria em Portugal, estamos aqui para ajud\u00e1-lo a obter um empr\u00e9stimo vantajoso, sem custos.\",\"breadcrumb\":{\"@id\":\"https:\\\/\\\/acasadosbrokers.pt\\\/pt-pt\\\/contacto\\\/#breadcrumb\"},\"inLanguage\":\"pt-PT\",\"potentialAction\":[{\"@type\":\"ReadAction\",\"target\":[\"https:\\\/\\\/acasadosbrokers.pt\\\/pt-pt\\\/contacto\\\/\"]}]},{\"@type\":\"ImageObject\",\"inLanguage\":\"pt-PT\",\"@id\":\"https:\\\/\\\/acasadosbrokers.pt\\\/pt-pt\\\/contacto\\\/#primaryimage\",\"url\":\"https:\\\/\\\/acasadosbrokers.pt\\\/wp-content\\\/uploads\\\/2024\\\/06\\\/acdb-sofia-trebel-marjorie-pichotx2.webp\",\"contentUrl\":\"https:\\\/\\\/acasadosbrokers.pt\\\/wp-content\\\/uploads\\\/2024\\\/06\\\/acdb-sofia-trebel-marjorie-pichotx2.webp\",\"width\":960,\"height\":900,\"caption\":\"Sophie Tr\u00e9bel et Marjorie Pichot, A Casa dos Brokers\"},{\"@type\":\"BreadcrumbList\",\"@id\":\"https:\\\/\\\/acasadosbrokers.pt\\\/pt-pt\\\/contacto\\\/#breadcrumb\",\"itemListElement\":[{\"@type\":\"ListItem\",\"position\":1,\"name\":\"Accueil\",\"item\":\"https:\\\/\\\/acasadosbrokers.pt\\\/pt-pt\\\/accueil-2\\\/\"},{\"@type\":\"ListItem\",\"position\":2,\"name\":\"Contacto\"}]},{\"@type\":\"WebSite\",\"@id\":\"https:\\\/\\\/acasadosbrokers.pt\\\/pt-pt\\\/#website\",\"url\":\"https:\\\/\\\/acasadosbrokers.pt\\\/pt-pt\\\/\",\"name\":\"A Casa dos Brokers\",\"description\":\"Votre partenaire Cr\u00e9dit immobilier au Portugal\",\"publisher\":{\"@id\":\"https:\\\/\\\/acasadosbrokers.pt\\\/pt-pt\\\/#organization\"},\"potentialAction\":[{\"@type\":\"SearchAction\",\"target\":{\"@type\":\"EntryPoint\",\"urlTemplate\":\"https:\\\/\\\/acasadosbrokers.pt\\\/pt-pt\\\/?s={search_term_string}\"},\"query-input\":{\"@type\":\"PropertyValueSpecification\",\"valueRequired\":true,\"valueName\":\"search_term_string\"}}],\"inLanguage\":\"pt-PT\"},{\"@type\":\"Organization\",\"@id\":\"https:\\\/\\\/acasadosbrokers.pt\\\/pt-pt\\\/#organization\",\"name\":\"A Casa dos Brokers\",\"url\":\"https:\\\/\\\/acasadosbrokers.pt\\\/pt-pt\\\/\",\"logo\":{\"@type\":\"ImageObject\",\"inLanguage\":\"pt-PT\",\"@id\":\"https:\\\/\\\/acasadosbrokers.pt\\\/pt-pt\\\/#\\\/schema\\\/logo\\\/image\\\/\",\"url\":\"https:\\\/\\\/acasadosbrokers.pt\\\/wp-content\\\/uploads\\\/2024\\\/03\\\/acdb-favicon.png\",\"contentUrl\":\"https:\\\/\\\/acasadosbrokers.pt\\\/wp-content\\\/uploads\\\/2024\\\/03\\\/acdb-favicon.png\",\"width\":512,\"height\":512,\"caption\":\"A Casa dos Brokers\"},\"image\":{\"@id\":\"https:\\\/\\\/acasadosbrokers.pt\\\/pt-pt\\\/#\\\/schema\\\/logo\\\/image\\\/\"}}]}<\/script>\n<!-- \/ Yoast SEO plugin. -->","yoast_head_json":{"title":"Contacte-nos - Responsa dentro de 24 horas | A Casa dos Brokers","description":"Especialistas em intermedia\u00e7\u00e3o banc\u00e1ria em Portugal, estamos aqui para ajud\u00e1-lo a obter um empr\u00e9stimo vantajoso, sem custos.","robots":{"index":"index","follow":"follow","max-snippet":"max-snippet:-1","max-image-preview":"max-image-preview:large","max-video-preview":"max-video-preview:-1"},"canonical":"https:\/\/acasadosbrokers.pt\/pt-pt\/contacto\/","og_locale":"pt_PT","og_type":"article","og_title":"Contacte-nos - Responsa dentro de 24 horas | A Casa dos Brokers","og_description":"Especialistas em intermedia\u00e7\u00e3o banc\u00e1ria em Portugal, estamos aqui para ajud\u00e1-lo a obter um empr\u00e9stimo vantajoso, sem custos.","og_url":"https:\/\/acasadosbrokers.pt\/pt-pt\/contacto\/","og_site_name":"A Casa dos Brokers","article_modified_time":"2025-08-13T14:53:41+00:00","og_image":[{"width":960,"height":900,"url":"https:\/\/acasadosbrokers.pt\/wp-content\/uploads\/2024\/06\/acdb-sofia-trebel-marjorie-pichotx2.webp","type":"image\/webp"}],"twitter_card":"summary_large_image","twitter_misc":{"Tempo estimado de leitura":"2 minutos"},"schema":{"@context":"https:\/\/schema.org","@graph":[{"@type":"WebPage","@id":"https:\/\/acasadosbrokers.pt\/pt-pt\/contacto\/","url":"https:\/\/acasadosbrokers.pt\/pt-pt\/contacto\/","name":"Contacte-nos - Responsa dentro de 24 horas | A Casa dos Brokers","isPartOf":{"@id":"https:\/\/acasadosbrokers.pt\/pt-pt\/#website"},"primaryImageOfPage":{"@id":"https:\/\/acasadosbrokers.pt\/pt-pt\/contacto\/#primaryimage"},"image":{"@id":"https:\/\/acasadosbrokers.pt\/pt-pt\/contacto\/#primaryimage"},"thumbnailUrl":"https:\/\/acasadosbrokers.pt\/wp-content\/uploads\/2024\/06\/acdb-sofia-trebel-marjorie-pichotx2.webp","datePublished":"2024-03-14T17:08:07+00:00","dateModified":"2025-08-13T14:53:41+00:00","description":"Especialistas em intermedia\u00e7\u00e3o banc\u00e1ria em Portugal, estamos aqui para ajud\u00e1-lo a obter um empr\u00e9stimo vantajoso, sem custos.","breadcrumb":{"@id":"https:\/\/acasadosbrokers.pt\/pt-pt\/contacto\/#breadcrumb"},"inLanguage":"pt-PT","potentialAction":[{"@type":"ReadAction","target":["https:\/\/acasadosbrokers.pt\/pt-pt\/contacto\/"]}]},{"@type":"ImageObject","inLanguage":"pt-PT","@id":"https:\/\/acasadosbrokers.pt\/pt-pt\/contacto\/#primaryimage","url":"https:\/\/acasadosbrokers.pt\/wp-content\/uploads\/2024\/06\/acdb-sofia-trebel-marjorie-pichotx2.webp","contentUrl":"https:\/\/acasadosbrokers.pt\/wp-content\/uploads\/2024\/06\/acdb-sofia-trebel-marjorie-pichotx2.webp","width":960,"height":900,"caption":"Sophie Tr\u00e9bel et Marjorie Pichot, A Casa dos Brokers"},{"@type":"BreadcrumbList","@id":"https:\/\/acasadosbrokers.pt\/pt-pt\/contacto\/#breadcrumb","itemListElement":[{"@type":"ListItem","position":1,"name":"Accueil","item":"https:\/\/acasadosbrokers.pt\/pt-pt\/accueil-2\/"},{"@type":"ListItem","position":2,"name":"Contacto"}]},{"@type":"WebSite","@id":"https:\/\/acasadosbrokers.pt\/pt-pt\/#website","url":"https:\/\/acasadosbrokers.pt\/pt-pt\/","name":"A Casa dos Brokers","description":"Votre partenaire Cr\u00e9dit immobilier au Portugal","publisher":{"@id":"https:\/\/acasadosbrokers.pt\/pt-pt\/#organization"},"potentialAction":[{"@type":"SearchAction","target":{"@type":"EntryPoint","urlTemplate":"https:\/\/acasadosbrokers.pt\/pt-pt\/?s={search_term_string}"},"query-input":{"@type":"PropertyValueSpecification","valueRequired":true,"valueName":"search_term_string"}}],"inLanguage":"pt-PT"},{"@type":"Organization","@id":"https:\/\/acasadosbrokers.pt\/pt-pt\/#organization","name":"A Casa dos Brokers","url":"https:\/\/acasadosbrokers.pt\/pt-pt\/","logo":{"@type":"ImageObject","inLanguage":"pt-PT","@id":"https:\/\/acasadosbrokers.pt\/pt-pt\/#\/schema\/logo\/image\/","url":"https:\/\/acasadosbrokers.pt\/wp-content\/uploads\/2024\/03\/acdb-favicon.png","contentUrl":"https:\/\/acasadosbrokers.pt\/wp-content\/uploads\/2024\/03\/acdb-favicon.png","width":512,"height":512,"caption":"A Casa dos Brokers"},"image":{"@id":"https:\/\/acasadosbrokers.pt\/pt-pt\/#\/schema\/logo\/image\/"}}]}},"_links":{"self":[{"href":"https:\/\/acasadosbrokers.pt\/pt-pt\/wp-json\/wp\/v2\/pages\/470","targetHints":{"allow":["GET"]}}],"collection":[{"href":"https:\/\/acasadosbrokers.pt\/pt-pt\/wp-json\/wp\/v2\/pages"}],"about":[{"href":"https:\/\/acasadosbrokers.pt\/pt-pt\/wp-json\/wp\/v2\/types\/page"}],"author":[{"embeddable":true,"href":"https:\/\/acasadosbrokers.pt\/pt-pt\/wp-json\/wp\/v2\/users\/3"}],"replies":[{"embeddable":true,"href":"https:\/\/acasadosbrokers.pt\/pt-pt\/wp-json\/wp\/v2\/comments?post=470"}],"version-history":[{"count":2,"href":"https:\/\/acasadosbrokers.pt\/pt-pt\/wp-json\/wp\/v2\/pages\/470\/revisions"}],"predecessor-version":[{"id":1181,"href":"https:\/\/acasadosbrokers.pt\/pt-pt\/wp-json\/wp\/v2\/pages\/470\/revisions\/1181"}],"wp:featuredmedia":[{"embeddable":true,"href":"https:\/\/acasadosbrokers.pt\/pt-pt\/wp-json\/wp\/v2\/media\/714"}],"wp:attachment":[{"href":"https:\/\/acasadosbrokers.pt\/pt-pt\/wp-json\/wp\/v2\/media?parent=470"}],"curies":[{"name":"wp","href":"https:\/\/api.w.org\/{rel}","templated":true}]}}